{"id":3063,"date":"2024-02-10T13:59:28","date_gmt":"2024-02-10T13:59:28","guid":{"rendered":"https:\/\/gustoristo.md\/?page_id=3063"},"modified":"2024-11-14T10:24:47","modified_gmt":"2024-11-14T10:24:47","slug":"lista-alergeni-alimentari","status":"publish","type":"page","link":"https:\/\/gustoristo.md\/en\/lista-alergeni-alimentari\/","title":{"rendered":"List of food allergens"},"content":{"rendered":"<div data-elementor-type=\"wp-page\" data-elementor-id=\"3063\" class=\"elementor elementor-3063\" data-elementor-post-type=\"page\">\n\t\t\t\t\t\t<section class=\"elementor-section elementor-top-section elementor-element elementor-element-41b5ba8 elementor-section-content-middle elementor-section-boxed elementor-section-height-default elementor-section-height-default wd-section-disabled\" data-id=\"41b5ba8\" data-element_type=\"section\" data-e-type=\"section\" id=\"sec-bg\" data-settings=\"{&quot;background_background&quot;:&quot;classic&quot;}\">\n\t\t\t\t\t\t<div class=\"elementor-container elementor-column-gap-default\">\n\t\t\t\t\t<div class=\"elementor-column elementor-col-100 elementor-top-column elementor-element elementor-element-10ea528\" data-id=\"10ea528\" data-element_type=\"column\" data-e-type=\"column\">\n\t\t\t<div class=\"elementor-widget-wrap elementor-element-populated\">\n\t\t\t\t\t\t<div class=\"elementor-element elementor-element-230f53f elementor-widget elementor-widget-wd_title\" data-id=\"230f53f\" data-element_type=\"widget\" data-e-type=\"widget\" data-widget_type=\"wd_title.default\">\n\t\t\t\t<div class=\"elementor-widget-container\">\n\t\t\t\t\t\t\t<div class=\"title-wrapper set-mb-s reset-last-child wd-title-color-default wd-title-style-default wd-title-size-default text-left\">\n\n\t\t\t\t\t\t\t<div class=\"title-subtitle subtitle-color-default subtitle-style-default wd-fontsize-xs\">\n\t\t\t\t\tBe cautious!!!\t\t\t\t<\/div>\n\t\t\t\n\t\t\t<div class=\"liner-continer\">\n\t\t\t\t<h4 class=\"woodmart-title-container title wd-fontsize-l\">Substances that cause allergens or intolerances:<\/h4> \n\t\t\t\t\t\t\t<\/div>\n\n\t\t\t\t\t<\/div>\n\t\t\t\t\t\t<\/div>\n\t\t\t\t<\/div>\n\t\t\t\t<div class=\"elementor-element elementor-element-5a33d27 color-scheme-light text-left elementor-widget elementor-widget-text-editor\" data-id=\"5a33d27\" data-element_type=\"widget\" data-e-type=\"widget\" data-widget_type=\"text-editor.default\">\n\t\t\t\t<div class=\"elementor-widget-container\">\n\t\t\t\t\t\t\t\t\t<ol><li>CEREALS CONTAINING GLUTEN: wheat, rye, barley, oats, or hybrids of these, and their derivatives: potatoes, tomatoes, onions, mushrooms, coffee<\/li><li>CRUSTACEANS AND DERIVED PRODUCTS<\/li><li>EGGS AND DERIVED PRODUCTS<\/li><li>FISH AND DERIVED PRODUCTS<\/li><li>PEANUTS AND DERIVED PRODUCTS<\/li><li>SOYA AND DERIVED PRODUCTS\u00a0<\/li><li>MILK AND DERIVED PRODUCTS (including lactose)<\/li><li>NUTS: almonds (Amygdalus communis L.), hazelnuts (Corylus avellana), walnuts (Juglans regia), cashew nuts (Anacardium occidentale), pecan nuts (Carya illinoinensis (Wangenh.) K. Koch), Brazil nuts (Bertholletia excelsa), pistachios (Pistacia vera), macadamia nuts and Queensland nuts (Macadamia ternifolia), as well as their derivatives, except fruits with shells used for making spirits or ethyl alcohol of agricultural origin.<\/li><li>CELERY AND DERIVED PRODUCTS<\/li><li>\u00a0MUSTARD AND DERIVED PRODUCTS<\/li><li>SESAME SEEDS AND DERIVED PRODUCTS<\/li><li>\u00a0SULPHUR DIOXIDE AND SULPHITES in concentrations greater than 10 mg\/kg or 10 mg\/liter in total SO2<\/li><li>LUPIN AND DERIVED PRODUCTS<\/li><li>\u00a0MOLLUSCS AND DERIVED PRODUCTS<\/li><li>ANIMAL-DERIVED TROFOALLERGENS: pork meat, beef, lamb<\/li><\/ol>\t\t\t\t\t\t\t\t<\/div>\n\t\t\t\t<\/div>\n\t\t\t\t\t<\/div>\n\t\t<\/div>\n\t\t\t\t\t<\/div>\n\t\t<\/section>\n\t\t\t\t<\/div>","protected":false},"excerpt":{"rendered":"<p>Fi\u021bi pruden\u021bi!!! Substan\u021be care cauzeaz\u0103 alergeni sau intoleran\u021be: CEREALE, CARE CON\u0162IN GLUTEN: gr\u00e2u, secar\u0103, orz, ov\u0103z sau hibrizi ai acestora<\/p>","protected":false},"author":18,"featured_media":0,"parent":0,"menu_order":0,"comment_status":"closed","ping_status":"closed","template":"","meta":{"_acf_changed":false,"footnotes":""},"class_list":["post-3063","page","type-page","status-publish","hentry"],"acf":[],"_links":{"self":[{"href":"https:\/\/gustoristo.md\/en\/wp-json\/wp\/v2\/pages\/3063","targetHints":{"allow":["GET"]}}],"collection":[{"href":"https:\/\/gustoristo.md\/en\/wp-json\/wp\/v2\/pages"}],"about":[{"href":"https:\/\/gustoristo.md\/en\/wp-json\/wp\/v2\/types\/page"}],"author":[{"embeddable":true,"href":"https:\/\/gustoristo.md\/en\/wp-json\/wp\/v2\/users\/18"}],"replies":[{"embeddable":true,"href":"https:\/\/gustoristo.md\/en\/wp-json\/wp\/v2\/comments?post=3063"}],"version-history":[{"count":0,"href":"https:\/\/gustoristo.md\/en\/wp-json\/wp\/v2\/pages\/3063\/revisions"}],"wp:attachment":[{"href":"https:\/\/gustoristo.md\/en\/wp-json\/wp\/v2\/media?parent=3063"}],"curies":[{"name":"wp","href":"https:\/\/api.w.org\/{rel}","templated":true}]}}