{"id":4224,"date":"2025-10-28T18:20:26","date_gmt":"2025-10-28T16:20:26","guid":{"rendered":"https:\/\/gustoristo.md\/?post_type=product&#038;p=4224"},"modified":"2026-04-02T15:24:39","modified_gmt":"2026-04-02T12:24:39","slug":"combo-cotto-e-funghi-bautura-carbogazificata","status":"publish","type":"product","link":"https:\/\/gustoristo.md\/en\/catalog\/altele\/combo-cotto-e-funghi-bautura-carbogazificata\/","title":{"rendered":"Combo! Cotto e funghi + B\u0103utur\u0103 carbogazificat\u0103"},"content":{"rendered":"","protected":false},"excerpt":{"rendered":"<p>Tomato sauce, mozzarella, prosciutto cotto, bacon, fresh sausage, chicken,  olive oil.<\/p>","protected":false},"featured_media":0,"template":"","meta":{"_acf_changed":false},"product_brand":[],"product_cat":[15],"product_tag":[],"class_list":{"0":"post-4224","1":"product","2":"type-product","3":"status-publish","5":"product_cat-altele","7":"first","8":"instock","9":"taxable","10":"shipping-taxable","11":"purchasable","12":"product-type-simple"},"acf":[],"_links":{"self":[{"href":"https:\/\/gustoristo.md\/en\/wp-json\/wp\/v2\/product\/4224","targetHints":{"allow":["GET"]}}],"collection":[{"href":"https:\/\/gustoristo.md\/en\/wp-json\/wp\/v2\/product"}],"about":[{"href":"https:\/\/gustoristo.md\/en\/wp-json\/wp\/v2\/types\/product"}],"wp:attachment":[{"href":"https:\/\/gustoristo.md\/en\/wp-json\/wp\/v2\/media?parent=4224"}],"wp:term":[{"taxonomy":"product_brand","embeddable":true,"href":"https:\/\/gustoristo.md\/en\/wp-json\/wp\/v2\/product_brand?post=4224"},{"taxonomy":"product_cat","embeddable":true,"href":"https:\/\/gustoristo.md\/en\/wp-json\/wp\/v2\/product_cat?post=4224"},{"taxonomy":"product_tag","embeddable":true,"href":"https:\/\/gustoristo.md\/en\/wp-json\/wp\/v2\/product_tag?post=4224"}],"curies":[{"name":"wp","href":"https:\/\/api.w.org\/{rel}","templated":true}]}}