{"id":3063,"date":"2024-02-10T13:59:28","date_gmt":"2024-02-10T13:59:28","guid":{"rendered":"https:\/\/gustoristo.md\/?page_id=3063"},"modified":"2024-11-14T10:24:47","modified_gmt":"2024-11-14T10:24:47","slug":"lista-alergeni-alimentari","status":"publish","type":"page","link":"https:\/\/gustoristo.md\/ru\/lista-alergeni-alimentari\/","title":{"rendered":"\u0421\u043f\u0438\u0441\u043e\u043a \u043f\u0438\u0449\u0435\u0432\u044b\u0445 \u0430\u043b\u043b\u0435\u0440\u0433\u0435\u043d\u043e\u0432"},"content":{"rendered":"<div data-elementor-type=\"wp-page\" data-elementor-id=\"3063\" class=\"elementor elementor-3063\" data-elementor-post-type=\"page\">\n\t\t\t\t\t\t<section class=\"elementor-section elementor-top-section elementor-element elementor-element-41b5ba8 elementor-section-content-middle elementor-section-boxed elementor-section-height-default elementor-section-height-default wd-section-disabled\" data-id=\"41b5ba8\" data-element_type=\"section\" data-e-type=\"section\" id=\"sec-bg\" data-settings=\"{&quot;background_background&quot;:&quot;classic&quot;}\">\n\t\t\t\t\t\t<div class=\"elementor-container elementor-column-gap-default\">\n\t\t\t\t\t<div class=\"elementor-column elementor-col-100 elementor-top-column elementor-element elementor-element-10ea528\" data-id=\"10ea528\" data-element_type=\"column\" data-e-type=\"column\">\n\t\t\t<div class=\"elementor-widget-wrap elementor-element-populated\">\n\t\t\t\t\t\t<div class=\"elementor-element elementor-element-230f53f elementor-widget elementor-widget-wd_title\" data-id=\"230f53f\" data-element_type=\"widget\" data-e-type=\"widget\" data-widget_type=\"wd_title.default\">\n\t\t\t\t<div class=\"elementor-widget-container\">\n\t\t\t\t\t\t\t<div class=\"title-wrapper set-mb-s reset-last-child wd-title-color-default wd-title-style-default wd-title-size-default text-left\">\n\n\t\t\t\t\t\t\t<div class=\"title-subtitle subtitle-color-default subtitle-style-default wd-fontsize-xs\">\n\t\t\t\t\t\u0411\u0443\u0434\u044c\u0442\u0435 \u043e\u0441\u0442\u043e\u0440\u043e\u0436\u043d\u044b!!!\t\t\t\t<\/div>\n\t\t\t\n\t\t\t<div class=\"liner-continer\">\n\t\t\t\t<h4 class=\"woodmart-title-container title wd-fontsize-l\">\u0412\u0435\u0449\u0435\u0441\u0442\u0432\u0430, \u0432\u044b\u0437\u044b\u0432\u0430\u044e\u0449\u0438\u0435 \u0430\u043b\u043b\u0435\u0440\u0433\u0438\u044e \u0438\u043b\u0438 \u043d\u0435\u043f\u0435\u0440\u0435\u043d\u043e\u0441\u0438\u043c\u043e\u0441\u0442\u044c:<\/h4> \n\t\t\t\t\t\t\t<\/div>\n\n\t\t\t\t\t<\/div>\n\t\t\t\t\t\t<\/div>\n\t\t\t\t<\/div>\n\t\t\t\t<div class=\"elementor-element elementor-element-5a33d27 color-scheme-light text-left elementor-widget elementor-widget-text-editor\" data-id=\"5a33d27\" data-element_type=\"widget\" data-e-type=\"widget\" data-widget_type=\"text-editor.default\">\n\t\t\t\t<div class=\"elementor-widget-container\">\n\t\t\t\t\t\t\t\t\t<ol><li>\u0417\u0415\u0420\u041d\u041e\u0412\u042b\u0415, \u0421\u041e\u0414\u0415\u0420\u0416\u0410\u0429\u0418\u0415 \u0413\u041b\u042e\u0422\u0415\u041d: \u043f\u0448\u0435\u043d\u0438\u0446\u0430, \u0440\u043e\u0436\u044c, \u044f\u0447\u043c\u0435\u043d\u044c, \u043e\u0432\u0435\u0441 \u0438\u043b\u0438 \u0438\u0445 \u0433\u0438\u0431\u0440\u0438\u0434\u044b \u0438 \u0438\u0445 \u043f\u0440\u043e\u0438\u0437\u0432\u043e\u0434\u043d\u044b\u0435: \u043a\u0430\u0440\u0442\u043e\u0444\u0435\u043b\u044c, \u043f\u043e\u043c\u0438\u0434\u043e\u0440\u044b, \u043b\u0443\u043a, \u0433\u0440\u0438\u0431\u044b, \u043a\u043e\u0444\u0435<\/li><li>\u0420\u0410\u041a\u041e\u041e\u0411\u0420\u0410\u0417\u041d\u042b\u0415 \u0418 \u043f\u0440\u043e\u0438\u0437\u0432\u043e\u0434\u043d\u044b\u0435 \u043f\u0440\u043e\u0434\u0443\u043a\u0442\u044b<\/li><li>\u042f\u0419\u0426\u0410 \u0418 \u043f\u0440\u043e\u0438\u0437\u0432\u043e\u0434\u043d\u044b\u0435 \u043f\u0440\u043e\u0434\u0443\u043a\u0442\u044b<\/li><li>\u0420\u042b\u0411\u0410 \u0418 \u043f\u0440\u043e\u0438\u0437\u0432\u043e\u0434\u043d\u044b\u0435 \u043f\u0440\u043e\u0434\u0443\u043a\u0442\u044b<\/li><li>\u0410\u0420\u0410\u0425\u0418\u0421 \u0418 \u043f\u0440\u043e\u0438\u0437\u0432\u043e\u0434\u043d\u044b\u0435 \u043f\u0440\u043e\u0434\u0443\u043a\u0442\u044b<\/li><li>\u0421\u041e\u042f \u0418 \u043f\u0440\u043e\u0438\u0437\u0432\u043e\u0434\u043d\u044b\u0435 \u043f\u0440\u043e\u0434\u0443\u043a\u0442\u044b\u00a0<\/li><li>\u041c\u041e\u041b\u041e\u041a\u041e \u0418 \u043f\u0440\u043e\u0438\u0437\u0432\u043e\u0434\u043d\u044b\u0435 \u043f\u0440\u043e\u0434\u0443\u043a\u0442\u044b (\u0432\u043a\u043b\u044e\u0447\u0430\u044f \u043b\u0430\u043a\u0442\u043e\u0437\u0443)<\/li><li>\u041e\u0420\u0415\u0425\u0418: \u043c\u0438\u043d\u0434\u0430\u043b\u044c (Amygdalus communis L.), \u0444\u0443\u043d\u0434\u0443\u043a (Corylus avellana), \u0433\u0440\u0435\u0446\u043a\u0438\u0439 \u043e\u0440\u0435\u0445 (Juglans regia), \u043a\u0435\u0448\u044c\u044e (Anacardium occidentale), \u043f\u0435\u043a\u0430\u043d (Carya illinoinensis (Wangenh.) K. Koch), \u0431\u0440\u0430\u0437\u0438\u043b\u044c\u0441\u043a\u0438\u0439 \u043e\u0440\u0435\u0445 (Bertholletia excelsa), \u0444\u0438\u0441\u0442\u0430\u0448\u043a\u0438 (Pistacia vera), \u043c\u0430\u043a\u0430\u0434\u0430\u043c\u0438\u044f \u0438 \u043e\u0440\u0435\u0445\u0438 \u041a\u0432\u0438\u043d\u0441\u043b\u0435\u043d\u0434\u0430 (Macadamia ternifolia), \u0430 \u0442\u0430\u043a\u0436\u0435 \u0438\u0445 \u043f\u0440\u043e\u0438\u0437\u0432\u043e\u0434\u043d\u044b\u0435, \u0437\u0430 \u0438\u0441\u043a\u043b\u044e\u0447\u0435\u043d\u0438\u0435\u043c \u043e\u0440\u0435\u0445\u043e\u0432, \u0438\u0441\u043f\u043e\u043b\u044c\u0437\u0443\u0435\u043c\u044b\u0445 \u0434\u043b\u044f \u043f\u0440\u043e\u0438\u0437\u0432\u043e\u0434\u0441\u0442\u0432\u0430 \u0441\u043f\u0438\u0440\u0442\u043d\u044b\u0445 \u043d\u0430\u043f\u0438\u0442\u043a\u043e\u0432 \u0438\u043b\u0438 \u044d\u0442\u0438\u043b\u043e\u0432\u043e\u0433\u043e \u0441\u043f\u0438\u0440\u0442\u0430 \u0441\u0435\u043b\u044c\u0441\u043a\u043e\u0445\u043e\u0437\u044f\u0439\u0441\u0442\u0432\u0435\u043d\u043d\u043e\u0433\u043e \u043f\u0440\u043e\u0438\u0441\u0445\u043e\u0436\u0434\u0435\u043d\u0438\u044f.<\/li><li>C\u0435\u043b\u044c\u0434\u0435\u0440\u0435\u0439 \u0418 \u043f\u0440\u043e\u0438\u0437\u0432\u043e\u0434\u043d\u044b\u0435 \u043f\u0440\u043e\u0434\u0443\u043a\u0442\u044b<\/li><li>\u00a0\u0413\u041e\u0420\u0427\u0418\u0426\u0410 \u0418 \u043f\u0440\u043e\u0438\u0437\u0432\u043e\u0434\u043d\u044b\u0435 \u043f\u0440\u043e\u0434\u0443\u043a\u0442\u044b<\/li><li>\u0421\u0415\u041c\u0415\u041d\u0410 \u041a\u0443\u043d\u0436\u0443\u0442 \u0418 \u043f\u0440\u043e\u0438\u0437\u0432\u043e\u0434\u043d\u044b\u0435 \u043f\u0440\u043e\u0434\u0443\u043a\u0442\u044b<\/li><li>\u00a0\u0414\u0418\u041e\u041a\u0421\u0418\u0414 \u0421\u0415\u0420\u042b \u0418 \u0421\u0423\u041b\u042c\u0424\u0418\u0422\u042b \u0432 \u043a\u043e\u043d\u0446\u0435\u043d\u0442\u0440\u0430\u0446\u0438\u044f\u0445 \u0432\u044b\u0448\u0435 10 \u043c\u0433\/\u043a\u0433 \u0438\u043b\u0438 10 \u043c\u0433\/\u043b\u0438\u0442\u0440 \u0432 \u0441\u0443\u043c\u043c\u0430\u0440\u043d\u043e\u043c SO2<\/li><li>\u041b\u042e\u041f\u0418\u041d \u0418 \u043f\u0440\u043e\u0438\u0437\u0432\u043e\u0434\u043d\u044b\u0435 \u043f\u0440\u043e\u0434\u0443\u043a\u0442\u044b<\/li><li>\u00a0\u041c\u041e\u041b\u041b\u042e\u0421\u041a\u0418 \u0418 \u041f\u0420\u041e\u0414\u0423\u041a\u0422\u042b \u0418\u0417 \u041d\u0415\u0418\u0425<\/li><li>\u0410\u041b\u041b\u0415\u0420\u0413\u0415\u041d\u042b \u041e\u0422 \u0416\u0418\u0412\u041e\u0422\u041d\u042b\u0425: \u0441\u0432\u0438\u043d\u0438\u043d\u0430, \u0433\u043e\u0432\u044f\u0434\u0438\u043d\u0430, \u0431\u0430\u0440\u0430\u043d\u0438\u043d\u0430<\/li><\/ol>\t\t\t\t\t\t\t\t<\/div>\n\t\t\t\t<\/div>\n\t\t\t\t\t<\/div>\n\t\t<\/div>\n\t\t\t\t\t<\/div>\n\t\t<\/section>\n\t\t\t\t<\/div>","protected":false},"excerpt":{"rendered":"<p>Fi\u021bi pruden\u021bi!!! Substan\u021be care cauzeaz\u0103 alergeni sau intoleran\u021be: CEREALE, CARE CON\u0162IN GLUTEN: gr\u00e2u, secar\u0103, orz, ov\u0103z sau hibrizi ai acestora<\/p>","protected":false},"author":18,"featured_media":0,"parent":0,"menu_order":0,"comment_status":"closed","ping_status":"closed","template":"","meta":{"_acf_changed":false,"footnotes":""},"class_list":["post-3063","page","type-page","status-publish","hentry"],"acf":[],"_links":{"self":[{"href":"https:\/\/gustoristo.md\/ru\/wp-json\/wp\/v2\/pages\/3063","targetHints":{"allow":["GET"]}}],"collection":[{"href":"https:\/\/gustoristo.md\/ru\/wp-json\/wp\/v2\/pages"}],"about":[{"href":"https:\/\/gustoristo.md\/ru\/wp-json\/wp\/v2\/types\/page"}],"author":[{"embeddable":true,"href":"https:\/\/gustoristo.md\/ru\/wp-json\/wp\/v2\/users\/18"}],"replies":[{"embeddable":true,"href":"https:\/\/gustoristo.md\/ru\/wp-json\/wp\/v2\/comments?post=3063"}],"version-history":[{"count":0,"href":"https:\/\/gustoristo.md\/ru\/wp-json\/wp\/v2\/pages\/3063\/revisions"}],"wp:attachment":[{"href":"https:\/\/gustoristo.md\/ru\/wp-json\/wp\/v2\/media?parent=3063"}],"curies":[{"name":"wp","href":"https:\/\/api.w.org\/{rel}","templated":true}]}}