{"id":3862,"date":"2025-03-31T16:24:32","date_gmt":"2025-03-31T13:24:32","guid":{"rendered":"https:\/\/gustoristo.md\/?post_type=product&#038;p=3862"},"modified":"2026-04-02T15:24:38","modified_gmt":"2026-04-02T12:24:38","slug":"humus-de-mazare-verde","status":"publish","type":"product","link":"https:\/\/gustoristo.md\/ru\/catalog\/meniu-de-post\/humus-de-mazare-verde\/","title":{"rendered":"Humus de maz\u0103re verde"},"content":{"rendered":"","protected":false},"excerpt":{"rendered":"<p>Broccoli , avocado , busuioc , suc l\u0103m\u00e2ie , sos soia , ghimbir , semin\u021be de dovleac , focaccia cu cherry \u0219i rozmarin<\/p>","protected":false},"featured_media":3863,"template":"","meta":{"_acf_changed":false},"product_brand":[],"product_cat":[141],"product_tag":[],"class_list":{"0":"post-3862","1":"product","2":"type-product","3":"status-publish","4":"has-post-thumbnail","6":"product_cat-meniu-de-post","8":"first","9":"instock","10":"taxable","11":"shipping-taxable","12":"purchasable","13":"product-type-simple"},"acf":[],"_links":{"self":[{"href":"https:\/\/gustoristo.md\/ru\/wp-json\/wp\/v2\/product\/3862","targetHints":{"allow":["GET"]}}],"collection":[{"href":"https:\/\/gustoristo.md\/ru\/wp-json\/wp\/v2\/product"}],"about":[{"href":"https:\/\/gustoristo.md\/ru\/wp-json\/wp\/v2\/types\/product"}],"wp:featuredmedia":[{"embeddable":true,"href":"https:\/\/gustoristo.md\/ru\/wp-json\/wp\/v2\/media\/3863"}],"wp:attachment":[{"href":"https:\/\/gustoristo.md\/ru\/wp-json\/wp\/v2\/media?parent=3862"}],"wp:term":[{"taxonomy":"product_brand","embeddable":true,"href":"https:\/\/gustoristo.md\/ru\/wp-json\/wp\/v2\/product_brand?post=3862"},{"taxonomy":"product_cat","embeddable":true,"href":"https:\/\/gustoristo.md\/ru\/wp-json\/wp\/v2\/product_cat?post=3862"},{"taxonomy":"product_tag","embeddable":true,"href":"https:\/\/gustoristo.md\/ru\/wp-json\/wp\/v2\/product_tag?post=3862"}],"curies":[{"name":"wp","href":"https:\/\/api.w.org\/{rel}","templated":true}]}}