{"id":718,"date":"2023-06-12T12:57:05","date_gmt":"2023-06-12T12:57:05","guid":{"rendered":"https:\/\/gustoristo.md\/?post_type=product&#038;p=718"},"modified":"2026-04-03T11:59:01","modified_gmt":"2026-04-03T08:59:01","slug":"bolognese","status":"publish","type":"product","link":"https:\/\/gustoristo.md\/ru\/catalog\/paste-risotto\/bolognese\/","title":{"rendered":"Pasta Bolognese"},"content":{"rendered":"","protected":false},"excerpt":{"rendered":"<p>Spaghetti, toc\u0103tur\u0103 de vit\u0103, sos bolognese, grana padano, p\u0103trunjel, ro\u0219ii cherry<\/p>","protected":false},"featured_media":719,"template":"","meta":{"_acf_changed":false},"product_brand":[],"product_cat":[19],"product_tag":[],"class_list":{"0":"post-718","1":"product","2":"type-product","3":"status-publish","4":"has-post-thumbnail","6":"product_cat-paste-risotto","8":"first","9":"instock","10":"taxable","11":"shipping-taxable","12":"purchasable","13":"product-type-simple"},"acf":[],"_links":{"self":[{"href":"https:\/\/gustoristo.md\/ru\/wp-json\/wp\/v2\/product\/718","targetHints":{"allow":["GET"]}}],"collection":[{"href":"https:\/\/gustoristo.md\/ru\/wp-json\/wp\/v2\/product"}],"about":[{"href":"https:\/\/gustoristo.md\/ru\/wp-json\/wp\/v2\/types\/product"}],"wp:featuredmedia":[{"embeddable":true,"href":"https:\/\/gustoristo.md\/ru\/wp-json\/wp\/v2\/media\/719"}],"wp:attachment":[{"href":"https:\/\/gustoristo.md\/ru\/wp-json\/wp\/v2\/media?parent=718"}],"wp:term":[{"taxonomy":"product_brand","embeddable":true,"href":"https:\/\/gustoristo.md\/ru\/wp-json\/wp\/v2\/product_brand?post=718"},{"taxonomy":"product_cat","embeddable":true,"href":"https:\/\/gustoristo.md\/ru\/wp-json\/wp\/v2\/product_cat?post=718"},{"taxonomy":"product_tag","embeddable":true,"href":"https:\/\/gustoristo.md\/ru\/wp-json\/wp\/v2\/product_tag?post=718"}],"curies":[{"name":"wp","href":"https:\/\/api.w.org\/{rel}","templated":true}]}}